{"id":1475,"date":"2026-01-15T18:04:27","date_gmt":"2026-01-15T18:04:27","guid":{"rendered":"https:\/\/www.caeliops.fr\/?page_id=1475"},"modified":"2026-02-11T06:48:43","modified_gmt":"2026-02-11T06:48:43","slug":"jeux","status":"publish","type":"page","link":"https:\/\/www.caeliops.fr\/index.php\/jeux\/","title":{"rendered":"DLPP"},"content":{"rendered":"\n<h2 class=\"wp-block-heading\"><strong>Dispositif ludique professionnel personnalis\u00e9<\/strong><\/h2>\n\n\n\n<p class=\"has-medium-font-size\">Une m\u00e9thode au service d&rsquo;une transmission engag\u00e9e au sein des organisations<\/p>\n\n\n\n<p>CAELIOPS con\u00e7oit et d\u00e9ploie des\u00a0<strong>dispositifs ludiques professionnels personnalis\u00e9s de mise en situation organisationnelle et d\u2019acculturation<\/strong>, destin\u00e9s \u00e0 cultiver une culture commune, structurer la compr\u00e9hension des enjeux et\u00a0\u00e9clairer les d\u00e9cisions cl\u00e9s\u00a0des organisations.<\/p>\n\n\n\n<p>Contrairement aux approches p\u00e9dagogiques classiques, les DLPP ne visent ni l\u2019exhaustivit\u00e9 ni la transmission descendante. Ils permettent aux \u00e9quipes de partager une lecture commune de la r\u00e9alit\u00e9 de l\u2019organisation, de confronter leurs repr\u00e9sentations et de rendre visibles les arbitrages qui conditionnent la performance, la transformation et la ma\u00eetrise des risques. D\u00e9ploy\u00e9s aupr\u00e8s des \u00e9quipes, ils sont con\u00e7us\u00a0<strong>au service des dirigeants<\/strong>, dans une logique de d\u00e9cision amont.<\/p>\n\n\n\n<p>Chaque dispositif est\u00a0<strong>enti\u00e8rement personnalis\u00e9<\/strong>\u00a0(figuratif, m\u00e9canique) \u00e0 l\u2019organisation qui l\u2019utilise : culture, activit\u00e9s, contraintes, niveaux de maturit\u00e9 et priorit\u00e9s strat\u00e9giques. Il peut \u00eatre int\u00e9gr\u00e9 \u00e0 une mission de formation ou utilis\u00e9 comme\u00a0<strong>dispositifs autonomes<\/strong>, selon les objectifs professionnels poursuivis.<br><\/p>\n\n\n\n<figure class=\"wp-block-image size-large\"><img loading=\"lazy\" decoding=\"async\" width=\"1024\" height=\"585\" src=\"http:\/\/www.caeliops.fr\/wp-content\/uploads\/2026\/01\/jeu-dans-salle-visio-1-1024x585.png\" alt=\"\" class=\"wp-image-82\" srcset=\"https:\/\/www.caeliops.fr\/wp-content\/uploads\/2026\/01\/jeu-dans-salle-visio-1-1024x585.png 1024w, https:\/\/www.caeliops.fr\/wp-content\/uploads\/2026\/01\/jeu-dans-salle-visio-1-300x171.png 300w, https:\/\/www.caeliops.fr\/wp-content\/uploads\/2026\/01\/jeu-dans-salle-visio-1-768x439.png 768w, https:\/\/www.caeliops.fr\/wp-content\/uploads\/2026\/01\/jeu-dans-salle-visio-1.png 1344w\" sizes=\"auto, (max-width: 1024px) 100vw, 1024px\" \/><\/figure>\n\n\n\n<p><br>La gamme CAELIOPS couvre des enjeux compl\u00e9mentaires :<br>\u2013\u00a0<strong><a href=\"https:\/\/www.caeliops.fr\/index.php\/mco-3\/\" data-type=\"page\" data-id=\"1588\">MCO-3 \u2013 <em>Ma Culture d\u2019Organisation<\/em><\/a><\/strong>, DLPP d\u2019acculturation et de conduite du changement ;<br>\u2013\u00a0<strong>DMR-5<\/strong> &#8211; <em>Dispositifs-Menaces-R\u00e9pliques<\/em>, DLPP d\u00e9di\u00e9 \u00e0 la structuration des arbitrages de s\u00fbret\u00e9 ;<br>\u2013\u00a0<strong>KPS-7<\/strong> &#8211; <em>Key Protection System<\/em>, DLPP en d\u00e9veloppement, orient\u00e9 pilotage global et planification de la performance de s\u00fbret\u00e9.<\/p>\n\n\n\n<p>Les DLPP CAELIOPS constituent des <strong>dispositifs concrets d\u2019assimilation et d\u2019\u00e9clairage<\/strong>, con\u00e7us pour accompagner les organisations qui \u00e9voluent vite.<\/p>\n\n\n\n<p><\/p>\n","protected":false},"excerpt":{"rendered":"<p>Dispositif ludique professionnel personnalis\u00e9 Une m\u00e9thode au service d&rsquo;une transmission engag\u00e9e au sein des organisations CAELIOPS con\u00e7oit et d\u00e9ploie des\u00a0dispositifs ludiques professionnels personnalis\u00e9s de mise en situation organisationnelle et d\u2019acculturation, &#8230;<\/p>\n","protected":false},"author":1,"featured_media":0,"parent":0,"menu_order":0,"comment_status":"closed","ping_status":"closed","template":"","meta":{"footnotes":""},"class_list":["post-1475","page","type-page","status-publish","hentry"],"_links":{"self":[{"href":"https:\/\/www.caeliops.fr\/index.php\/wp-json\/wp\/v2\/pages\/1475","targetHints":{"allow":["GET"]}}],"collection":[{"href":"https:\/\/www.caeliops.fr\/index.php\/wp-json\/wp\/v2\/pages"}],"about":[{"href":"https:\/\/www.caeliops.fr\/index.php\/wp-json\/wp\/v2\/types\/page"}],"author":[{"embeddable":true,"href":"https:\/\/www.caeliops.fr\/index.php\/wp-json\/wp\/v2\/users\/1"}],"replies":[{"embeddable":true,"href":"https:\/\/www.caeliops.fr\/index.php\/wp-json\/wp\/v2\/comments?post=1475"}],"version-history":[{"count":12,"href":"https:\/\/www.caeliops.fr\/index.php\/wp-json\/wp\/v2\/pages\/1475\/revisions"}],"predecessor-version":[{"id":1670,"href":"https:\/\/www.caeliops.fr\/index.php\/wp-json\/wp\/v2\/pages\/1475\/revisions\/1670"}],"wp:attachment":[{"href":"https:\/\/www.caeliops.fr\/index.php\/wp-json\/wp\/v2\/media?parent=1475"}],"curies":[{"name":"wp","href":"https:\/\/api.w.org\/{rel}","templated":true}]}}